{"id":70,"date":"2013-03-27T23:11:52","date_gmt":"2013-03-27T22:11:52","guid":{"rendered":"http:\/\/www.vptzzofriesland.nl\/vptz\/?page_id=70"},"modified":"2023-03-01T22:28:33","modified_gmt":"2023-03-01T21:28:33","slug":"vrijwilligers-2","status":"publish","type":"page","link":"https:\/\/www.vptzzofriesland.nl\/vptz\/index.php\/vrijwilligers-2\/","title":{"rendered":"Vrijwilligers"},"content":{"rendered":"<div class=\"fusion-fullwidth fullwidth-box fusion-builder-row-1 nonhundred-percent-fullwidth non-hundred-percent-height-scrolling\" style=\"--awb-border-radius-top-left:0px;--awb-border-radius-top-right:0px;--awb-border-radius-bottom-right:0px;--awb-border-radius-bottom-left:0px;--awb-flex-wrap:wrap;\" ><div class=\"fusion-builder-row fusion-row\"><div class=\"fusion-layout-column fusion_builder_column fusion-builder-column-0 fusion_builder_column_1_1 1_1 fusion-one-full fusion-column-first fusion-column-last\" style=\"--awb-bg-size:cover;--awb-margin-bottom:0px;\"><div class=\"fusion-column-wrapper fusion-flex-column-wrapper-legacy\"><div class=\"fusion-text fusion-text-1\"><h1 style=\"text-align: center;\">Komt u ons team versterken?<\/h1>\n<\/div><div class=\"fusion-builder-row fusion-builder-row-inner fusion-row\"><div class=\"fusion-layout-column fusion_builder_column_inner fusion-builder-nested-column-0 fusion_builder_column_inner_1_3 1_3 fusion-one-third fusion-column-first\" style=\"--awb-bg-size:cover;width:33.333333333333%;width:calc(33.333333333333% - ( ( 4% + 4% ) * 0.33333333333333 ) );margin-right: 4%;\"><div class=\"fusion-column-wrapper fusion-flex-column-wrapper-legacy\"><div class=\"fusion-text fusion-text-2\"><h3>Specifieke plaats vrijwilligers.<\/h3>\n<p>Vrijwilligers nemen in de palliatieve zorg, zowel in de thuissituatie als in het hospice een specifieke plaats in. Vrijwilligers betekenen een surplus in de zorg door &#8216;Er te Zijn\u2019 voor de pati\u00ebnt en zijn familie, door hen uit hartelijke medemenselijkheid aandacht, tijd, een luisterend oor en een helpende hand te schenken.<\/p>\n<p>U biedt praktische zorg zoals familie, vrienden of buren die kunnen geven: helpen bij eten en drinken, de zieke verfrissen en weer \u2018lekker\u2019 in bed leggen, of samen een wandeling maken.<\/p>\n<p>In het hospice zorgen vrijwilligers voor een warme sfeer en huiselijkheid en samen met anderen houden zij het huishouden draaiende.<\/p>\n<p>U kunt zelf de keuze maken of u er de voorkeur aan geeft om in de thuissituatie of in het hospice of voor beide beschikbaar te zijn.<\/p>\n<\/div><div class=\"fusion-clearfix\"><\/div><\/div><\/div><div class=\"fusion-layout-column fusion_builder_column_inner fusion-builder-nested-column-1 fusion_builder_column_inner_1_3 1_3 fusion-one-third\" style=\"--awb-bg-size:cover;width:33.333333333333%;width:calc(33.333333333333% - ( ( 4% + 4% ) * 0.33333333333333 ) );margin-right: 4%;\"><div class=\"fusion-column-wrapper fusion-flex-column-wrapper-legacy\"><div class=\"fusion-video fusion-youtube fusion-aligncenter\" style=\"--awb-max-width:600px;--awb-max-height:360px;--awb-width:100%;\"><div class=\"video-shortcode\"><div class=\"fluid-width-video-wrapper\" style=\"padding-top:60%;\" ><iframe title=\"YouTube video player 1\" src=\"https:\/\/www.youtube.com\/embed\/46nUzYUo15s?wmode=transparent&autoplay=0&amp;rel=0\" width=\"600\" height=\"360\" allowfullscreen allow=\"autoplay; clipboard-write; encrypted-media; gyroscope; picture-in-picture;\"><\/iframe><\/div><\/div><\/div><div class=\"fusion-clearfix\"><\/div><\/div><\/div><div class=\"fusion-layout-column fusion_builder_column_inner fusion-builder-nested-column-2 fusion_builder_column_inner_1_3 1_3 fusion-one-third fusion-column-last\" style=\"--awb-bg-size:cover;width:33.333333333333%;width:calc(33.333333333333% - ( ( 4% + 4% ) * 0.33333333333333 ) );\"><div class=\"fusion-column-wrapper fusion-flex-column-wrapper-legacy\"><div class=\"fusion-text fusion-text-3\"><h3>Wat kunnen vrijwilligers doen?<\/h3>\n<p>De ruim 10.000 VPTZ-vrijwilligers zijn er om mensen in hun laatste levensfase en hun naasten te ondersteunen. Het verzorgen van een geliefde in die periode is zwaar, ook al is er hulp van de huisarts en thuiszorg. Als het levenseinde nadert, wordt de zorg over het algemeen intenser en intensiever. De VPTZ-vrijwilligers bieden hulp bij mensen thuis maar ook in hospices.<\/p>\n<p>Alle VPTZ vrijwilligers worden getraind en worden voortdurend bijgeschoold. Een zorgachtergrond is geen voorwaarde. Denk dus niet dat is niets voor mij. Wij hebben mannen en vrouwen nodig die zich willen inzetten voor een ander. Gemotiveerd zijn en pati\u00ebnten en naasten ondersteunen, daar heb je een warme en onbaatzuchtige inborst voor nodig.<br \/>\nVrijwilligers verrichten geen medische, verpleegkundige handelingen of zware huishoudelijke taken, maar vullen datgene aan wat familieleden en vrienden zelf doen. Zoals hulp bij persoonlijke verzorging, voorlezen of waken. Zo krijgen de naasten de gelegenheid even rust te nemen, een boodschap te doen of\u00a0 \u2019s nachts rustig te slapen.<\/p>\n<\/div><div class=\"fusion-clearfix\"><\/div><\/div><\/div><\/div><div class=\"fusion-builder-row fusion-builder-row-inner fusion-row\"><div class=\"fusion-layout-column fusion_builder_column_inner fusion-builder-nested-column-3 fusion_builder_column_inner_1_3 1_3 fusion-one-third fusion-column-first\" style=\"--awb-bg-size:cover;width:33.333333333333%;width:calc(33.333333333333% - ( ( 4% + 4% ) * 0.33333333333333 ) );margin-right: 4%;\"><div class=\"fusion-column-wrapper fusion-flex-column-wrapper-legacy\"><div class=\"fusion-text fusion-text-4\"><h3>Begeleiding<\/h3>\n<p>Ons team wordt met zorg samengesteld. Onze vrijwilligers worden professioneel begeleid en regelmatig getraind. Wij zijn altijd op zoek naar mensen die deze zelfstandige en verantwoordelijke taak kunnen vervullen. Ter voorbereiding voordat u wordt ingezet\u00a0volgt u een kort inwerktraject en een introductietraining. \u00a0Deze training wordt afgesloten met een certificering. Er worden tevens diverse avonden georganiseerd waarop u ervaringen kunt uitwisselen. U kunt dan nader kennis kunt maken met uw collega vrijwilligers bij VPTZ Zuidoost Friesland.<\/p>\n<p>Wilt u ons team komen versterken, dan vindt u hier een <strong><a title=\"Aanmeldformulier Vrijwilligers\" href=\"http:\/\/www.vptzzofriesland.nl\/vptz\/index.php\/vrijwilligers-2\/aanmeldformulier-vrijwilligers\/\">aanmeldformulier.<\/a><\/strong><\/p>\n<p>Klik <a href=\"http:\/\/www.vptzzofriesland.nl\/vptz\/wp-content\/uploads\/2017\/07\/VPTZ-vrijwilliger-worden.pdf\" target=\"_blank\" rel=\"noopener noreferrer\">hier<\/a> voor onze brochure over vrijwilliger worden.<\/p>\n<\/div><div class=\"fusion-clearfix\"><\/div><\/div><\/div><div class=\"fusion-layout-column fusion_builder_column_inner fusion-builder-nested-column-4 fusion_builder_column_inner_1_3 1_3 fusion-one-third\" style=\"--awb-bg-size:cover;width:33.333333333333%;width:calc(33.333333333333% - ( ( 4% + 4% ) * 0.33333333333333 ) );margin-right: 4%;\"><div class=\"fusion-column-wrapper fusion-flex-column-wrapper-legacy\"><div class=\"fusion-text fusion-text-5\"><h3>Werktijden Thuis vrijwilligers<\/h3>\n<p>In de thuissituatie wordt afhankelijk van de behoefte, in gezamenlijk overleg met de zorgvrager het aantal uren bepaald. Wij noemen dat \u2018inzet\u2019. Dat kan \u2018s ochtends, \u2019s middags en\/of \u2018s avonds zijn. Van \u00e9\u00e9n keer per week, tot dagelijks een aantal uren vari\u00ebrend van 1 uur tot 12 uur per dag. \u00a0Per vrijwilliger wordt minimaal 1 inzet\u00a0per week verwacht en bij drukte graag 2 inzetten per per week.<\/p>\n<p>De nachtperiode van 23.00 &#8211; 07.00 uur wordt in het algemeen verzorgd door een nachtverpleegkundige van de Thuiszorg. Vrijwilligers vullen de afgesproken uren in, afhankelijk van de zorgvraag in wisseldiensten van max. 4 uren. Het kan dus zijn dat meerdere vrijwilligers elkaar afwisselen. Voor uitzonderlijke gevallen stellen we de bereidheid om ook \u2019s nachts te worden ingeroosterd zeer op prijs.<\/p>\n<\/div><div class=\"fusion-clearfix\"><\/div><\/div><\/div><div class=\"fusion-layout-column fusion_builder_column_inner fusion-builder-nested-column-5 fusion_builder_column_inner_1_3 1_3 fusion-one-third fusion-column-last\" style=\"--awb-bg-size:cover;width:33.333333333333%;width:calc(33.333333333333% - ( ( 4% + 4% ) * 0.33333333333333 ) );\"><div class=\"fusion-column-wrapper fusion-flex-column-wrapper-legacy\"><div class=\"fusion-text fusion-text-6\"><h3>Inroosteren Thuis vrijwilligers<\/h3>\n<p>U kunt\u00a0zichzelf inplannen. Het rooster is per inzet verschillend. We proberen de planning zo effici\u00ebnt mogelijk te laten verlopen. Daarbij wordt zoveel mogelijk rekening gehouden met de woonplaats van de vrijwilliger en de woonplaats van de zorgvrager. Bij een intensieve inzet (meerdere dagdelen per dag) is het \u201cAlle hens aan dek!\u201d, dan wordt er een beroep gedaan op de flexibiliteit van de vrijwilligers.<\/p>\n<p>Er wordt minimaal 1 inzet (max. 4 uur achterelkaar) per week verwacht en bij drukte graag 2 inzetten per vrijwilliger. Tijdens een eerste kennismakingsgesprek met een vrijwilliger wordt gevraagd naar de bereidheid om nachtinzetten te doen.<\/p>\n<\/div><div class=\"fusion-clearfix\"><\/div><\/div><\/div><\/div><div class=\"fusion-builder-row fusion-builder-row-inner fusion-row\"><div class=\"fusion-layout-column fusion_builder_column_inner fusion-builder-nested-column-6 fusion_builder_column_inner_1_3 1_3 fusion-one-third fusion-column-first\" style=\"--awb-bg-size:cover;width:33.333333333333%;width:calc(33.333333333333% - ( ( 4% + 4% ) * 0.33333333333333 ) );margin-right: 4%;\"><div class=\"fusion-column-wrapper fusion-column-has-shadow fusion-flex-column-wrapper-legacy\"><div class=\"fusion-text fusion-text-7\"><h3>Werktijden Hospice vrijwilligers<\/h3>\n<p>In ons hospice is de gast verzekerd van 24\/7 zorg. De vrijwilligers werken in wisseldiensten van steeds 4 uur aaneengesloten, van 07.00 tot 23.00 uur.<\/p>\n<p>De nachtperiode van 23.00 -07.00 uur wordt verzorgd door medewerkers van De Friese Wouden Thuiszorg.<\/p>\n<\/div><div class=\"fusion-clearfix\"><\/div><\/div><\/div><div class=\"fusion-layout-column fusion_builder_column_inner fusion-builder-nested-column-7 fusion_builder_column_inner_1_3 1_3 fusion-one-third\" style=\"--awb-bg-size:cover;width:33.333333333333%;width:calc(33.333333333333% - ( ( 4% + 4% ) * 0.33333333333333 ) );margin-right: 4%;\"><div class=\"fusion-column-wrapper fusion-column-has-shadow fusion-flex-column-wrapper-legacy\"><div class=\"fusion-text fusion-text-8\"><h3>Inroosteren Hospice vrijwilligers<\/h3>\n<p>Er wordt minimaal 1 inzet (max. 4 uur achter elkaar) per week verwacht.\u00a0U moet bereid zijn om 1 tot 2 keer per maand een dagdeel in het weekend of op feestdagen aanwezig te zijn.<\/p>\n<p>Vrijwilligers kunnen grotendeels zelf inplannen wanneer ze aanwezig kunnen zijn. Wel moet er in beginsel bereidheid zijn om in alle diensten ingeroosterd te kunnen worden.<\/p>\n<\/div><div class=\"fusion-clearfix\"><\/div><\/div><\/div><div class=\"fusion-layout-column fusion_builder_column_inner fusion-builder-nested-column-8 fusion_builder_column_inner_1_3 1_3 fusion-one-third fusion-column-last\" style=\"--awb-bg-size:cover;width:33.333333333333%;width:calc(33.333333333333% - ( ( 4% + 4% ) * 0.33333333333333 ) );\"><div class=\"fusion-column-wrapper fusion-column-has-shadow fusion-flex-column-wrapper-legacy\"><div class=\"fusion-clearfix\"><\/div><\/div><\/div><\/div><div class=\"fusion-clearfix\"><\/div><\/div><\/div><\/div><\/div>\n","protected":false},"excerpt":{"rendered":"","protected":false},"author":1,"featured_media":0,"parent":0,"menu_order":0,"comment_status":"closed","ping_status":"closed","template":"","meta":{"footnotes":""},"class_list":["post-70","page","type-page","status-publish","hentry"],"yoast_head":"<!-- This site is optimized with the Yoast SEO plugin v27.0 - https:\/\/yoast.com\/product\/yoast-seo-wordpress\/ -->\n<title>Vrijwilligers - VPTZ- zofriesland | Palliatieve Terminale Zorg<\/title>\n<meta name=\"description\" content=\"Vrijwilligers betekenen een surplus door &#039;Er te Zijn\u2019 voor de gast en familie, door hen aandacht, tijd, een luisterend oor en een helpende hand te schenken.\" \/>\n<meta name=\"robots\" content=\"index, follow, max-snippet:-1, max-image-preview:large, max-video-preview:-1\" \/>\n<link rel=\"canonical\" href=\"https:\/\/www.vptzzofriesland.nl\/vptz\/index.php\/vrijwilligers-2\/\" \/>\n<meta property=\"og:locale\" content=\"nl_NL\" \/>\n<meta property=\"og:type\" content=\"article\" \/>\n<meta property=\"og:title\" content=\"Vrijwilligers - VPTZ- zofriesland | Palliatieve Terminale Zorg\" \/>\n<meta property=\"og:description\" content=\"Vrijwilligers betekenen een surplus door &#039;Er te Zijn\u2019 voor de gast en familie, door hen aandacht, tijd, een luisterend oor en een helpende hand te schenken.\" \/>\n<meta property=\"og:url\" content=\"https:\/\/www.vptzzofriesland.nl\/vptz\/index.php\/vrijwilligers-2\/\" \/>\n<meta property=\"og:site_name\" content=\"VPTZ- zofriesland | Palliatieve Terminale Zorg\" \/>\n<meta property=\"article:publisher\" content=\"https:\/\/www.facebook.com\/Thuis-en-in-het-hospice-Smelnehaven-277172672362998\/\" \/>\n<meta property=\"article:modified_time\" content=\"2023-03-01T21:28:33+00:00\" \/>\n<meta name=\"twitter:label1\" content=\"Geschatte leestijd\" \/>\n\t<meta name=\"twitter:data1\" content=\"8 minuten\" \/>\n<script type=\"application\/ld+json\" class=\"yoast-schema-graph\">{\"@context\":\"https:\/\/schema.org\",\"@graph\":[{\"@type\":\"WebPage\",\"@id\":\"https:\/\/www.vptzzofriesland.nl\/vptz\/index.php\/vrijwilligers-2\/\",\"url\":\"https:\/\/www.vptzzofriesland.nl\/vptz\/index.php\/vrijwilligers-2\/\",\"name\":\"Vrijwilligers - VPTZ- zofriesland | Palliatieve Terminale Zorg\",\"isPartOf\":{\"@id\":\"https:\/\/www.vptzzofriesland.nl\/vptz\/#website\"},\"datePublished\":\"2013-03-27T22:11:52+00:00\",\"dateModified\":\"2023-03-01T21:28:33+00:00\",\"description\":\"Vrijwilligers betekenen een surplus door 'Er te Zijn\u2019 voor de gast en familie, door hen aandacht, tijd, een luisterend oor en een helpende hand te schenken.\",\"breadcrumb\":{\"@id\":\"https:\/\/www.vptzzofriesland.nl\/vptz\/index.php\/vrijwilligers-2\/#breadcrumb\"},\"inLanguage\":\"nl-NL\",\"potentialAction\":[{\"@type\":\"ReadAction\",\"target\":[\"https:\/\/www.vptzzofriesland.nl\/vptz\/index.php\/vrijwilligers-2\/\"]}]},{\"@type\":\"BreadcrumbList\",\"@id\":\"https:\/\/www.vptzzofriesland.nl\/vptz\/index.php\/vrijwilligers-2\/#breadcrumb\",\"itemListElement\":[{\"@type\":\"ListItem\",\"position\":1,\"name\":\"Home\",\"item\":\"https:\/\/www.vptzzofriesland.nl\/vptz\/\"},{\"@type\":\"ListItem\",\"position\":2,\"name\":\"Vrijwilligers\"}]},{\"@type\":\"WebSite\",\"@id\":\"https:\/\/www.vptzzofriesland.nl\/vptz\/#website\",\"url\":\"https:\/\/www.vptzzofriesland.nl\/vptz\/\",\"name\":\"VPTZ- zofriesland | Palliatieve Terminale Zorg\",\"description\":\"Zorg in de laatste levensfase\",\"publisher\":{\"@id\":\"https:\/\/www.vptzzofriesland.nl\/vptz\/#organization\"},\"potentialAction\":[{\"@type\":\"SearchAction\",\"target\":{\"@type\":\"EntryPoint\",\"urlTemplate\":\"https:\/\/www.vptzzofriesland.nl\/vptz\/?s={search_term_string}\"},\"query-input\":{\"@type\":\"PropertyValueSpecification\",\"valueRequired\":true,\"valueName\":\"search_term_string\"}}],\"inLanguage\":\"nl-NL\"},{\"@type\":\"Organization\",\"@id\":\"https:\/\/www.vptzzofriesland.nl\/vptz\/#organization\",\"name\":\"VPTZ Zuidoost Friesland\",\"url\":\"https:\/\/www.vptzzofriesland.nl\/vptz\/\",\"logo\":{\"@type\":\"ImageObject\",\"inLanguage\":\"nl-NL\",\"@id\":\"https:\/\/www.vptzzofriesland.nl\/vptz\/#\/schema\/logo\/image\/\",\"url\":\"https:\/\/www.vptzzofriesland.nl\/vptz\/wp-content\/uploads\/2013\/03\/VPTZ-logo-ZO-Fr-500.jpg\",\"contentUrl\":\"https:\/\/www.vptzzofriesland.nl\/vptz\/wp-content\/uploads\/2013\/03\/VPTZ-logo-ZO-Fr-500.jpg\",\"width\":500,\"height\":192,\"caption\":\"VPTZ Zuidoost Friesland\"},\"image\":{\"@id\":\"https:\/\/www.vptzzofriesland.nl\/vptz\/#\/schema\/logo\/image\/\"},\"sameAs\":[\"https:\/\/www.facebook.com\/Thuis-en-in-het-hospice-Smelnehaven-277172672362998\/\"]}]}<\/script>\n<!-- \/ Yoast SEO plugin. -->","yoast_head_json":{"title":"Vrijwilligers - VPTZ- zofriesland | Palliatieve Terminale Zorg","description":"Vrijwilligers betekenen een surplus door 'Er te Zijn\u2019 voor de gast en familie, door hen aandacht, tijd, een luisterend oor en een helpende hand te schenken.","robots":{"index":"index","follow":"follow","max-snippet":"max-snippet:-1","max-image-preview":"max-image-preview:large","max-video-preview":"max-video-preview:-1"},"canonical":"https:\/\/www.vptzzofriesland.nl\/vptz\/index.php\/vrijwilligers-2\/","og_locale":"nl_NL","og_type":"article","og_title":"Vrijwilligers - VPTZ- zofriesland | Palliatieve Terminale Zorg","og_description":"Vrijwilligers betekenen een surplus door 'Er te Zijn\u2019 voor de gast en familie, door hen aandacht, tijd, een luisterend oor en een helpende hand te schenken.","og_url":"https:\/\/www.vptzzofriesland.nl\/vptz\/index.php\/vrijwilligers-2\/","og_site_name":"VPTZ- zofriesland | Palliatieve Terminale Zorg","article_publisher":"https:\/\/www.facebook.com\/Thuis-en-in-het-hospice-Smelnehaven-277172672362998\/","article_modified_time":"2023-03-01T21:28:33+00:00","twitter_misc":{"Geschatte leestijd":"8 minuten"},"schema":{"@context":"https:\/\/schema.org","@graph":[{"@type":"WebPage","@id":"https:\/\/www.vptzzofriesland.nl\/vptz\/index.php\/vrijwilligers-2\/","url":"https:\/\/www.vptzzofriesland.nl\/vptz\/index.php\/vrijwilligers-2\/","name":"Vrijwilligers - VPTZ- zofriesland | Palliatieve Terminale Zorg","isPartOf":{"@id":"https:\/\/www.vptzzofriesland.nl\/vptz\/#website"},"datePublished":"2013-03-27T22:11:52+00:00","dateModified":"2023-03-01T21:28:33+00:00","description":"Vrijwilligers betekenen een surplus door 'Er te Zijn\u2019 voor de gast en familie, door hen aandacht, tijd, een luisterend oor en een helpende hand te schenken.","breadcrumb":{"@id":"https:\/\/www.vptzzofriesland.nl\/vptz\/index.php\/vrijwilligers-2\/#breadcrumb"},"inLanguage":"nl-NL","potentialAction":[{"@type":"ReadAction","target":["https:\/\/www.vptzzofriesland.nl\/vptz\/index.php\/vrijwilligers-2\/"]}]},{"@type":"BreadcrumbList","@id":"https:\/\/www.vptzzofriesland.nl\/vptz\/index.php\/vrijwilligers-2\/#breadcrumb","itemListElement":[{"@type":"ListItem","position":1,"name":"Home","item":"https:\/\/www.vptzzofriesland.nl\/vptz\/"},{"@type":"ListItem","position":2,"name":"Vrijwilligers"}]},{"@type":"WebSite","@id":"https:\/\/www.vptzzofriesland.nl\/vptz\/#website","url":"https:\/\/www.vptzzofriesland.nl\/vptz\/","name":"VPTZ- zofriesland | Palliatieve Terminale Zorg","description":"Zorg in de laatste levensfase","publisher":{"@id":"https:\/\/www.vptzzofriesland.nl\/vptz\/#organization"},"potentialAction":[{"@type":"SearchAction","target":{"@type":"EntryPoint","urlTemplate":"https:\/\/www.vptzzofriesland.nl\/vptz\/?s={search_term_string}"},"query-input":{"@type":"PropertyValueSpecification","valueRequired":true,"valueName":"search_term_string"}}],"inLanguage":"nl-NL"},{"@type":"Organization","@id":"https:\/\/www.vptzzofriesland.nl\/vptz\/#organization","name":"VPTZ Zuidoost Friesland","url":"https:\/\/www.vptzzofriesland.nl\/vptz\/","logo":{"@type":"ImageObject","inLanguage":"nl-NL","@id":"https:\/\/www.vptzzofriesland.nl\/vptz\/#\/schema\/logo\/image\/","url":"https:\/\/www.vptzzofriesland.nl\/vptz\/wp-content\/uploads\/2013\/03\/VPTZ-logo-ZO-Fr-500.jpg","contentUrl":"https:\/\/www.vptzzofriesland.nl\/vptz\/wp-content\/uploads\/2013\/03\/VPTZ-logo-ZO-Fr-500.jpg","width":500,"height":192,"caption":"VPTZ Zuidoost Friesland"},"image":{"@id":"https:\/\/www.vptzzofriesland.nl\/vptz\/#\/schema\/logo\/image\/"},"sameAs":["https:\/\/www.facebook.com\/Thuis-en-in-het-hospice-Smelnehaven-277172672362998\/"]}]}},"_links":{"self":[{"href":"https:\/\/www.vptzzofriesland.nl\/vptz\/index.php\/wp-json\/wp\/v2\/pages\/70","targetHints":{"allow":["GET"]}}],"collection":[{"href":"https:\/\/www.vptzzofriesland.nl\/vptz\/index.php\/wp-json\/wp\/v2\/pages"}],"about":[{"href":"https:\/\/www.vptzzofriesland.nl\/vptz\/index.php\/wp-json\/wp\/v2\/types\/page"}],"author":[{"embeddable":true,"href":"https:\/\/www.vptzzofriesland.nl\/vptz\/index.php\/wp-json\/wp\/v2\/users\/1"}],"replies":[{"embeddable":true,"href":"https:\/\/www.vptzzofriesland.nl\/vptz\/index.php\/wp-json\/wp\/v2\/comments?post=70"}],"version-history":[{"count":72,"href":"https:\/\/www.vptzzofriesland.nl\/vptz\/index.php\/wp-json\/wp\/v2\/pages\/70\/revisions"}],"predecessor-version":[{"id":5849,"href":"https:\/\/www.vptzzofriesland.nl\/vptz\/index.php\/wp-json\/wp\/v2\/pages\/70\/revisions\/5849"}],"wp:attachment":[{"href":"https:\/\/www.vptzzofriesland.nl\/vptz\/index.php\/wp-json\/wp\/v2\/media?parent=70"}],"curies":[{"name":"wp","href":"https:\/\/api.w.org\/{rel}","templated":true}]}}